{"id":213,"date":"2026-02-17T08:13:06","date_gmt":"2026-02-17T11:13:06","guid":{"rendered":"https:\/\/sites.meusitecontabil.com.br\/exclusivo\/kwan\/?page_id=213"},"modified":"2026-02-17T10:34:27","modified_gmt":"2026-02-17T13:34:27","slug":"contato","status":"publish","type":"page","link":"https:\/\/sites.meusitecontabil.com.br\/exclusivo\/kwan\/contato\/","title":{"rendered":"Contato"},"content":{"rendered":"\t\t<div data-elementor-type=\"wp-page\" data-elementor-id=\"213\" class=\"elementor elementor-213\" data-elementor-post-type=\"page\">\n\t\t\t\t<div class=\"elementor-element elementor-element-199557b animated-fast e-flex e-con-boxed elementor-invisible e-con e-parent\" data-id=\"199557b\" data-element_type=\"container\" data-e-type=\"container\" data-settings=\"{&quot;background_background&quot;:&quot;gradient&quot;,&quot;animation&quot;:&quot;fadeInDown&quot;}\">\n\t\t\t\t\t<div class=\"e-con-inner\">\n\t\t\t\t<div class=\"elementor-element elementor-element-a62b964 elementor-invisible elementor-widget elementor-widget-button\" data-id=\"a62b964\" data-element_type=\"widget\" data-e-type=\"widget\" data-settings=\"{&quot;_animation&quot;:&quot;fadeInLeft&quot;}\" data-widget_type=\"button.default\">\n\t\t\t\t\t\t\t\t\t\t<a class=\"elementor-button elementor-button-link elementor-size-sm\" href=\"https:\/\/sites.meusitecontabil.com.br\/exclusivo\/kwan\">\n\t\t\t\t\t\t<span class=\"elementor-button-content-wrapper\">\n\t\t\t\t\t\t\t\t\t<span class=\"elementor-button-text\">Voltar para Home<\/span>\n\t\t\t\t\t<\/span>\n\t\t\t\t\t<\/a>\n\t\t\t\t\t\t\t\t<\/div>\n\t\t\t\t\t<\/div>\n\t\t\t\t<\/div>\n\t\t<div class=\"elementor-element elementor-element-dbc8a2b e-flex e-con-boxed e-con e-parent\" data-id=\"dbc8a2b\" data-element_type=\"container\" data-e-type=\"container\" data-settings=\"{&quot;background_background&quot;:&quot;classic&quot;}\">\n\t\t\t\t\t<div class=\"e-con-inner\">\n\t\t<div class=\"elementor-element elementor-element-33f1548 e-con-full e-flex elementor-invisible e-con e-child\" data-id=\"33f1548\" data-element_type=\"container\" data-e-type=\"container\" data-settings=\"{&quot;animation&quot;:&quot;fadeInLeft&quot;}\">\n\t\t\t\t<div class=\"elementor-element elementor-element-b2fbafb elementor-widget__width-initial animated-fast elementor-invisible elementor-widget elementor-widget-heading\" data-id=\"b2fbafb\" data-element_type=\"widget\" data-e-type=\"widget\" data-settings=\"{&quot;_animation&quot;:&quot;fadeInDown&quot;,&quot;_animation_delay&quot;:500}\" data-widget_type=\"heading.default\">\n\t\t\t\t\t<div class=\"elementor-heading-title elementor-size-default\">Estamos aqui para atender voc\u00ea<\/div>\t\t\t\t<\/div>\n\t\t\t\t<div class=\"elementor-element elementor-element-e11269c elementor-widget__width-initial elementor-widget-mobile__width-auto elementor-invisible elementor-widget elementor-widget-text-editor\" data-id=\"e11269c\" data-element_type=\"widget\" data-e-type=\"widget\" data-settings=\"{&quot;_animation&quot;:&quot;fadeInDown&quot;,&quot;_animation_delay&quot;:600}\" data-widget_type=\"text-editor.default\">\n\t\t\t\t\t\t\t\t\t<p>Tem d\u00favidas sobre contabilidade, precisa de um servi\u00e7o especializado ou quer entender como podemos ajudar sua empresa a crescer?<\/p><p>Nossa equipe est\u00e1 pronta para oferecer suporte e solu\u00e7\u00f5es personalizadas para o seu neg\u00f3cio.<\/p>\t\t\t\t\t\t\t\t<\/div>\n\t\t\t\t<div class=\"elementor-element elementor-element-42ef4be btn elementor-invisible elementor-widget elementor-widget-button\" data-id=\"42ef4be\" data-element_type=\"widget\" data-e-type=\"widget\" data-settings=\"{&quot;_animation&quot;:&quot;fadeInLeft&quot;}\" data-widget_type=\"button.default\">\n\t\t\t\t\t\t\t\t\t\t<a class=\"elementor-button elementor-button-link elementor-size-sm\" href=\"#contato\">\n\t\t\t\t\t\t<span class=\"elementor-button-content-wrapper\">\n\t\t\t\t\t\t\t\t\t<span class=\"elementor-button-text\">Entre em contato<\/span>\n\t\t\t\t\t<\/span>\n\t\t\t\t\t<\/a>\n\t\t\t\t\t\t\t\t<\/div>\n\t\t\t\t<\/div>\n\t\t<div class=\"elementor-element elementor-element-44ebcf4 e-con-full e-flex e-con e-child\" data-id=\"44ebcf4\" data-element_type=\"container\" data-e-type=\"container\">\n\t\t\t\t<div class=\"elementor-element elementor-element-bd5fa17 elementor-invisible elementor-widget elementor-widget-image\" data-id=\"bd5fa17\" data-element_type=\"widget\" data-e-type=\"widget\" data-settings=\"{&quot;_animation&quot;:&quot;fadeInRight&quot;}\" data-widget_type=\"image.default\">\n\t\t\t\t\t\t\t\t\t\t\t\t\t\t\t<img fetchpriority=\"high\" decoding=\"async\" width=\"505\" height=\"476\" src=\"https:\/\/sites.meusitecontabil.com.br\/exclusivo\/kwan\/wp-content\/uploads\/sites\/20\/2026\/02\/contato_1x.webp\" class=\"attachment-full size-full wp-image-231\" alt=\"\" srcset=\"https:\/\/sites.meusitecontabil.com.br\/exclusivo\/kwan\/wp-content\/uploads\/sites\/20\/2026\/02\/contato_1x.webp 505w, https:\/\/sites.meusitecontabil.com.br\/exclusivo\/kwan\/wp-content\/uploads\/sites\/20\/2026\/02\/contato_1x-300x283.webp 300w\" sizes=\"(max-width: 505px) 100vw, 505px\" \/>\t\t\t\t\t\t\t\t\t\t\t\t\t\t\t<\/div>\n\t\t\t\t<\/div>\n\t\t\t\t\t<\/div>\n\t\t\t\t<\/div>\n\t\t<div class=\"elementor-element elementor-element-b23496e e-con-full e-flex e-con e-parent\" data-id=\"b23496e\" data-element_type=\"container\" data-e-type=\"container\">\n\t\t\t\t<div class=\"elementor-element elementor-element-0f46b6d elementor-widget elementor-widget-google_maps\" data-id=\"0f46b6d\" data-element_type=\"widget\" data-e-type=\"widget\" data-widget_type=\"google_maps.default\">\n\t\t\t\t\t\t\t<div class=\"elementor-custom-embed\">\n\t\t\t<iframe loading=\"lazy\"\n\t\t\t\t\tsrc=\"https:\/\/maps.google.com\/maps?q=Meu%20marketing%20cont%C3%A1bil&#038;t=m&#038;z=17&#038;output=embed&#038;iwloc=near\"\n\t\t\t\t\ttitle=\"Meu marketing cont\u00e1bil\"\n\t\t\t\t\taria-label=\"Meu marketing cont\u00e1bil\"\n\t\t\t><\/iframe>\n\t\t<\/div>\n\t\t\t\t\t\t<\/div>\n\t\t\t\t<\/div>\n\t\t<div class=\"elementor-element elementor-element-801af60 e-flex e-con-boxed e-con e-parent\" data-id=\"801af60\" data-element_type=\"container\" data-e-type=\"container\" id=\"contato\" data-settings=\"{&quot;background_background&quot;:&quot;gradient&quot;}\">\n\t\t\t\t\t<div class=\"e-con-inner\">\n\t\t\t\t<div class=\"elementor-element elementor-element-9e91d1f elementor-widget__width-initial elementor-invisible elementor-widget elementor-widget-heading\" data-id=\"9e91d1f\" data-element_type=\"widget\" data-e-type=\"widget\" data-settings=\"{&quot;_animation&quot;:&quot;fadeIn&quot;}\" data-widget_type=\"heading.default\">\n\t\t\t\t\t<div class=\"elementor-heading-title elementor-size-default\">Envie uma mensagem<span style=\"background-color: transparent\"><\/span><\/div>\t\t\t\t<\/div>\n\t\t\t\t<div class=\"elementor-element elementor-element-a8f784f elementor-widget__width-initial elementor-invisible elementor-widget elementor-widget-text-editor\" data-id=\"a8f784f\" data-element_type=\"widget\" data-e-type=\"widget\" data-settings=\"{&quot;_animation&quot;:&quot;fadeInDown&quot;,&quot;_animation_delay&quot;:600}\" data-widget_type=\"text-editor.default\">\n\t\t\t\t\t\t\t\t\t<p>Preencha o formul\u00e1rio e nossa equipe entrar\u00e1 em contato o mais breve poss\u00edvel. Queremos entender suas necessidades e oferecer a melhor solu\u00e7\u00e3o para sua empresa.<\/p>\t\t\t\t\t\t\t\t<\/div>\n\t\t<div class=\"elementor-element elementor-element-42da856 e-con-full e-flex e-con e-child\" data-id=\"42da856\" data-element_type=\"container\" data-e-type=\"container\" data-settings=\"{&quot;background_background&quot;:&quot;classic&quot;}\">\n\t\t\t\t<div class=\"elementor-element elementor-element-f66e163 elementor-widget elementor-widget-template\" data-id=\"f66e163\" data-element_type=\"widget\" data-e-type=\"widget\" data-widget_type=\"template.default\">\n\t\t\t\t<div class=\"elementor-widget-container\">\n\t\t\t\t\t\t\t<div class=\"elementor-template\">\n\t\t\t\t\t<div data-elementor-type=\"container\" data-elementor-id=\"242\" class=\"elementor elementor-242\" data-elementor-post-type=\"elementor_library\">\n\t\t\t\t<div class=\"elementor-element elementor-element-73786b27 e-con-full e-flex e-con e-child\" data-id=\"73786b27\" data-element_type=\"container\" data-e-type=\"container\" data-settings=\"{&quot;background_background&quot;:&quot;classic&quot;}\">\n\t\t\t\t<div class=\"elementor-element elementor-element-410d2979 elementor-button-align-stretch elementor-widget elementor-widget-form\" data-id=\"410d2979\" data-element_type=\"widget\" data-e-type=\"widget\" data-settings=\"{&quot;step_next_label&quot;:&quot;Next&quot;,&quot;step_previous_label&quot;:&quot;Previous&quot;,&quot;button_width&quot;:&quot;100&quot;,&quot;step_type&quot;:&quot;number_text&quot;,&quot;step_icon_shape&quot;:&quot;circle&quot;}\" data-widget_type=\"form.default\">\n\t\t\t\t\t\t\t<form class=\"elementor-form\" method=\"post\" name=\"Form\" aria-label=\"Form\">\n\t\t\t<input type=\"hidden\" name=\"post_id\" value=\"242\"\/>\n\t\t\t<input type=\"hidden\" name=\"form_id\" value=\"410d2979\"\/>\n\t\t\t<input type=\"hidden\" name=\"referer_title\" value=\"Kwan\" \/>\n\n\t\t\t\n\t\t\t<div class=\"elementor-form-fields-wrapper elementor-labels-above\">\n\t\t\t\t\t\t\t\t<div class=\"elementor-field-type-text elementor-field-group elementor-column elementor-field-group-name elementor-col-100 elementor-field-required elementor-mark-required\">\n\t\t\t\t\t\t\t\t\t\t\t\t<label for=\"form-field-name\" class=\"elementor-field-label\">\n\t\t\t\t\t\t\t\tNome\t\t\t\t\t\t\t<\/label>\n\t\t\t\t\t\t\t\t\t\t\t\t\t\t<input size=\"1\" type=\"text\" name=\"form_fields[name]\" id=\"form-field-name\" class=\"elementor-field elementor-size-lg  elementor-field-textual\" placeholder=\"Seu nome completo\" required=\"required\">\n\t\t\t\t\t\t\t\t\t\t\t<\/div>\n\t\t\t\t\t\t\t\t<div class=\"elementor-field-type-email elementor-field-group elementor-column elementor-field-group-email elementor-col-50 elementor-field-required elementor-mark-required\">\n\t\t\t\t\t\t\t\t\t\t\t\t<label for=\"form-field-email\" class=\"elementor-field-label\">\n\t\t\t\t\t\t\t\tE-mail\t\t\t\t\t\t\t<\/label>\n\t\t\t\t\t\t\t\t\t\t\t\t\t\t<input size=\"1\" type=\"email\" name=\"form_fields[email]\" id=\"form-field-email\" class=\"elementor-field elementor-size-lg  elementor-field-textual\" placeholder=\"Seu e-mail\" required=\"required\">\n\t\t\t\t\t\t\t\t\t\t\t<\/div>\n\t\t\t\t\t\t\t\t<div class=\"elementor-field-type-tel elementor-field-group elementor-column elementor-field-group-field_da36e23 elementor-col-50 elementor-field-required elementor-mark-required\">\n\t\t\t\t\t\t\t\t\t\t\t\t<label for=\"form-field-field_da36e23\" class=\"elementor-field-label\">\n\t\t\t\t\t\t\t\tTelefone\t\t\t\t\t\t\t<\/label>\n\t\t\t\t\t\t\t\t<input size=\"1\" type=\"tel\" name=\"form_fields[field_da36e23]\" id=\"form-field-field_da36e23\" class=\"elementor-field elementor-size-lg  elementor-field-textual\" placeholder=\"Seu telefone com DDD\" required=\"required\" pattern=\"[0-9()#&amp;+*-=.]+\" title=\"Apenas n\u00fameros e caracteres de telefone (#, -, *, etc.) s\u00e3o aceitos.\">\n\n\t\t\t\t\t\t<\/div>\n\t\t\t\t\t\t\t\t<div class=\"elementor-field-group elementor-column elementor-field-type-submit elementor-col-100 e-form__buttons\">\n\t\t\t\t\t<button class=\"elementor-button elementor-size-sm\" type=\"submit\">\n\t\t\t\t\t\t<span class=\"elementor-button-content-wrapper\">\n\t\t\t\t\t\t\t\t\t\t\t\t\t\t\t\t\t\t\t\t\t\t<span class=\"elementor-button-text\">Fale com um especialista<\/span>\n\t\t\t\t\t\t\t\t\t\t\t\t\t<\/span>\n\t\t\t\t\t<\/button>\n\t\t\t\t<\/div>\n\t\t\t<\/div>\n\t\t<\/form>\n\t\t\t\t\t\t<\/div>\n\t\t\t\t<\/div>\n\t\t\t\t<\/div>\n\t\t\t\t<\/div>\n\t\t\t\t\t\t<\/div>\n\t\t\t\t<\/div>\n\t\t\t\t<\/div>\n\t\t\t\t\t<\/div>\n\t\t\t\t<\/div>\n\t\t\t\t<\/div>\n\t\t","protected":false},"excerpt":{"rendered":"<p>Voltar para Home Estamos aqui para atender voc\u00ea Tem d\u00favidas sobre contabilidade, precisa de um servi\u00e7o especializado ou quer entender como podemos ajudar sua empresa a crescer? Nossa equipe est\u00e1 pronta para oferecer suporte e solu\u00e7\u00f5es personalizadas para o seu neg\u00f3cio. Entre em contato Envie uma mensagem Preencha o formul\u00e1rio e nossa equipe entrar\u00e1 em [&hellip;]<\/p>\n","protected":false},"author":1,"featured_media":0,"parent":0,"menu_order":0,"comment_status":"closed","ping_status":"closed","template":"","meta":{"footnotes":""},"class_list":["post-213","page","type-page","status-publish","hentry"],"yoast_head":"<!-- This site is optimized with the Yoast SEO plugin v27.0 - https:\/\/yoast.com\/product\/yoast-seo-wordpress\/ -->\n<title>Contato - Kwan<\/title>\n<meta name=\"robots\" content=\"index, follow, max-snippet:-1, max-image-preview:large, max-video-preview:-1\" \/>\n<link rel=\"canonical\" href=\"https:\/\/sites.meusitecontabil.com.br\/exclusivo\/kwan\/contato\/\" \/>\n<meta property=\"og:locale\" content=\"pt_BR\" \/>\n<meta property=\"og:type\" content=\"article\" \/>\n<meta property=\"og:title\" content=\"Contato - Kwan\" \/>\n<meta property=\"og:description\" content=\"Voltar para Home Estamos aqui para atender voc\u00ea Tem d\u00favidas sobre contabilidade, precisa de um servi\u00e7o especializado ou quer entender como podemos ajudar sua empresa a crescer? Nossa equipe est\u00e1 pronta para oferecer suporte e solu\u00e7\u00f5es personalizadas para o seu neg\u00f3cio. Entre em contato Envie uma mensagem Preencha o formul\u00e1rio e nossa equipe entrar\u00e1 em [&hellip;]\" \/>\n<meta property=\"og:url\" content=\"https:\/\/sites.meusitecontabil.com.br\/exclusivo\/kwan\/contato\/\" \/>\n<meta property=\"og:site_name\" content=\"Kwan\" \/>\n<meta property=\"article:modified_time\" content=\"2026-02-17T13:34:27+00:00\" \/>\n<meta property=\"og:image\" content=\"https:\/\/sites.meusitecontabil.com.br\/exclusivo\/kwan\/wp-content\/uploads\/sites\/20\/2026\/02\/contato_1x.webp\" \/>\n\t<meta property=\"og:image:width\" content=\"505\" \/>\n\t<meta property=\"og:image:height\" content=\"476\" \/>\n\t<meta property=\"og:image:type\" content=\"image\/webp\" \/>\n<meta name=\"twitter:card\" content=\"summary_large_image\" \/>\n<meta name=\"twitter:label1\" content=\"Est. tempo de leitura\" \/>\n\t<meta name=\"twitter:data1\" content=\"1 minuto\" \/>\n<script type=\"application\/ld+json\" class=\"yoast-schema-graph\">{\"@context\":\"https:\/\/schema.org\",\"@graph\":[{\"@type\":\"WebPage\",\"@id\":\"https:\/\/sites.meusitecontabil.com.br\/exclusivo\/kwan\/contato\/\",\"url\":\"https:\/\/sites.meusitecontabil.com.br\/exclusivo\/kwan\/contato\/\",\"name\":\"Contato - Kwan\",\"isPartOf\":{\"@id\":\"https:\/\/sites.meusitecontabil.com.br\/exclusivo\/kwan\/#website\"},\"primaryImageOfPage\":{\"@id\":\"https:\/\/sites.meusitecontabil.com.br\/exclusivo\/kwan\/contato\/#primaryimage\"},\"image\":{\"@id\":\"https:\/\/sites.meusitecontabil.com.br\/exclusivo\/kwan\/contato\/#primaryimage\"},\"thumbnailUrl\":\"https:\/\/sites.meusitecontabil.com.br\/exclusivo\/kwan\/wp-content\/uploads\/sites\/20\/2026\/02\/contato_1x.webp\",\"datePublished\":\"2026-02-17T11:13:06+00:00\",\"dateModified\":\"2026-02-17T13:34:27+00:00\",\"breadcrumb\":{\"@id\":\"https:\/\/sites.meusitecontabil.com.br\/exclusivo\/kwan\/contato\/#breadcrumb\"},\"inLanguage\":\"pt-BR\",\"potentialAction\":[{\"@type\":\"ReadAction\",\"target\":[\"https:\/\/sites.meusitecontabil.com.br\/exclusivo\/kwan\/contato\/\"]}]},{\"@type\":\"ImageObject\",\"inLanguage\":\"pt-BR\",\"@id\":\"https:\/\/sites.meusitecontabil.com.br\/exclusivo\/kwan\/contato\/#primaryimage\",\"url\":\"https:\/\/sites.meusitecontabil.com.br\/exclusivo\/kwan\/wp-content\/uploads\/sites\/20\/2026\/02\/contato_1x.webp\",\"contentUrl\":\"https:\/\/sites.meusitecontabil.com.br\/exclusivo\/kwan\/wp-content\/uploads\/sites\/20\/2026\/02\/contato_1x.webp\",\"width\":505,\"height\":476},{\"@type\":\"BreadcrumbList\",\"@id\":\"https:\/\/sites.meusitecontabil.com.br\/exclusivo\/kwan\/contato\/#breadcrumb\",\"itemListElement\":[{\"@type\":\"ListItem\",\"position\":1,\"name\":\"In\u00edcio\",\"item\":\"https:\/\/sites.meusitecontabil.com.br\/exclusivo\/kwan\/\"},{\"@type\":\"ListItem\",\"position\":2,\"name\":\"Contato\"}]},{\"@type\":\"WebSite\",\"@id\":\"https:\/\/sites.meusitecontabil.com.br\/exclusivo\/kwan\/#website\",\"url\":\"https:\/\/sites.meusitecontabil.com.br\/exclusivo\/kwan\/\",\"name\":\"Kwan\",\"description\":\"\",\"potentialAction\":[{\"@type\":\"SearchAction\",\"target\":{\"@type\":\"EntryPoint\",\"urlTemplate\":\"https:\/\/sites.meusitecontabil.com.br\/exclusivo\/kwan\/?s={search_term_string}\"},\"query-input\":{\"@type\":\"PropertyValueSpecification\",\"valueRequired\":true,\"valueName\":\"search_term_string\"}}],\"inLanguage\":\"pt-BR\"}]}<\/script>\n<!-- \/ Yoast SEO plugin. -->","yoast_head_json":{"title":"Contato - Kwan","robots":{"index":"index","follow":"follow","max-snippet":"max-snippet:-1","max-image-preview":"max-image-preview:large","max-video-preview":"max-video-preview:-1"},"canonical":"https:\/\/sites.meusitecontabil.com.br\/exclusivo\/kwan\/contato\/","og_locale":"pt_BR","og_type":"article","og_title":"Contato - Kwan","og_description":"Voltar para Home Estamos aqui para atender voc\u00ea Tem d\u00favidas sobre contabilidade, precisa de um servi\u00e7o especializado ou quer entender como podemos ajudar sua empresa a crescer? Nossa equipe est\u00e1 pronta para oferecer suporte e solu\u00e7\u00f5es personalizadas para o seu neg\u00f3cio. Entre em contato Envie uma mensagem Preencha o formul\u00e1rio e nossa equipe entrar\u00e1 em [&hellip;]","og_url":"https:\/\/sites.meusitecontabil.com.br\/exclusivo\/kwan\/contato\/","og_site_name":"Kwan","article_modified_time":"2026-02-17T13:34:27+00:00","og_image":[{"width":505,"height":476,"url":"https:\/\/sites.meusitecontabil.com.br\/exclusivo\/kwan\/wp-content\/uploads\/sites\/20\/2026\/02\/contato_1x.webp","type":"image\/webp"}],"twitter_card":"summary_large_image","twitter_misc":{"Est. tempo de leitura":"1 minuto"},"schema":{"@context":"https:\/\/schema.org","@graph":[{"@type":"WebPage","@id":"https:\/\/sites.meusitecontabil.com.br\/exclusivo\/kwan\/contato\/","url":"https:\/\/sites.meusitecontabil.com.br\/exclusivo\/kwan\/contato\/","name":"Contato - Kwan","isPartOf":{"@id":"https:\/\/sites.meusitecontabil.com.br\/exclusivo\/kwan\/#website"},"primaryImageOfPage":{"@id":"https:\/\/sites.meusitecontabil.com.br\/exclusivo\/kwan\/contato\/#primaryimage"},"image":{"@id":"https:\/\/sites.meusitecontabil.com.br\/exclusivo\/kwan\/contato\/#primaryimage"},"thumbnailUrl":"https:\/\/sites.meusitecontabil.com.br\/exclusivo\/kwan\/wp-content\/uploads\/sites\/20\/2026\/02\/contato_1x.webp","datePublished":"2026-02-17T11:13:06+00:00","dateModified":"2026-02-17T13:34:27+00:00","breadcrumb":{"@id":"https:\/\/sites.meusitecontabil.com.br\/exclusivo\/kwan\/contato\/#breadcrumb"},"inLanguage":"pt-BR","potentialAction":[{"@type":"ReadAction","target":["https:\/\/sites.meusitecontabil.com.br\/exclusivo\/kwan\/contato\/"]}]},{"@type":"ImageObject","inLanguage":"pt-BR","@id":"https:\/\/sites.meusitecontabil.com.br\/exclusivo\/kwan\/contato\/#primaryimage","url":"https:\/\/sites.meusitecontabil.com.br\/exclusivo\/kwan\/wp-content\/uploads\/sites\/20\/2026\/02\/contato_1x.webp","contentUrl":"https:\/\/sites.meusitecontabil.com.br\/exclusivo\/kwan\/wp-content\/uploads\/sites\/20\/2026\/02\/contato_1x.webp","width":505,"height":476},{"@type":"BreadcrumbList","@id":"https:\/\/sites.meusitecontabil.com.br\/exclusivo\/kwan\/contato\/#breadcrumb","itemListElement":[{"@type":"ListItem","position":1,"name":"In\u00edcio","item":"https:\/\/sites.meusitecontabil.com.br\/exclusivo\/kwan\/"},{"@type":"ListItem","position":2,"name":"Contato"}]},{"@type":"WebSite","@id":"https:\/\/sites.meusitecontabil.com.br\/exclusivo\/kwan\/#website","url":"https:\/\/sites.meusitecontabil.com.br\/exclusivo\/kwan\/","name":"Kwan","description":"","potentialAction":[{"@type":"SearchAction","target":{"@type":"EntryPoint","urlTemplate":"https:\/\/sites.meusitecontabil.com.br\/exclusivo\/kwan\/?s={search_term_string}"},"query-input":{"@type":"PropertyValueSpecification","valueRequired":true,"valueName":"search_term_string"}}],"inLanguage":"pt-BR"}]}},"_links":{"self":[{"href":"https:\/\/sites.meusitecontabil.com.br\/exclusivo\/kwan\/wp-json\/wp\/v2\/pages\/213","targetHints":{"allow":["GET"]}}],"collection":[{"href":"https:\/\/sites.meusitecontabil.com.br\/exclusivo\/kwan\/wp-json\/wp\/v2\/pages"}],"about":[{"href":"https:\/\/sites.meusitecontabil.com.br\/exclusivo\/kwan\/wp-json\/wp\/v2\/types\/page"}],"author":[{"embeddable":true,"href":"https:\/\/sites.meusitecontabil.com.br\/exclusivo\/kwan\/wp-json\/wp\/v2\/users\/1"}],"replies":[{"embeddable":true,"href":"https:\/\/sites.meusitecontabil.com.br\/exclusivo\/kwan\/wp-json\/wp\/v2\/comments?post=213"}],"version-history":[{"count":28,"href":"https:\/\/sites.meusitecontabil.com.br\/exclusivo\/kwan\/wp-json\/wp\/v2\/pages\/213\/revisions"}],"predecessor-version":[{"id":396,"href":"https:\/\/sites.meusitecontabil.com.br\/exclusivo\/kwan\/wp-json\/wp\/v2\/pages\/213\/revisions\/396"}],"wp:attachment":[{"href":"https:\/\/sites.meusitecontabil.com.br\/exclusivo\/kwan\/wp-json\/wp\/v2\/media?parent=213"}],"curies":[{"name":"wp","href":"https:\/\/api.w.org\/{rel}","templated":true}]}}