{"id":400,"date":"2026-02-17T10:37:00","date_gmt":"2026-02-17T13:37:00","guid":{"rendered":"https:\/\/sites.meusitecontabil.com.br\/exclusivo\/kwan\/?page_id=400"},"modified":"2026-02-17T10:37:03","modified_gmt":"2026-02-17T13:37:03","slug":"politica-de-privacidade","status":"publish","type":"page","link":"https:\/\/sites.meusitecontabil.com.br\/exclusivo\/kwan\/politica-de-privacidade\/","title":{"rendered":"Pol\u00edtica de privacidade"},"content":{"rendered":"\n<p>Data de Entrada em Vigor: 01\/09\/2021<\/p>\n\n\n\n<p>A empresa baseia sua Pol\u00edtica de Privacidade nos valores institucionais de solidez e integridade. Nossa inten\u00e7\u00e3o \u00e9 a de informar e assegurar que sua experi\u00eancia de navega\u00e7\u00e3o e neg\u00f3cios seja pr\u00e1tica, segura e eficiente.<br><br>Por favor, leia esta Pol\u00edtica de Privacidade (\u201cPol\u00edtica\u201d) cuidadosamente para entender nossas pol\u00edticas e pr\u00e1ticas sobre seus Dados Pessoais e como os trataremos.<br><br>T\u00f3pico Abrang\u00eancia da pol\u00edtica:<br>Esta Pol\u00edtica abrange nossas atividades de coleta de dados.<\/p>\n\n\n\n<h2 class=\"wp-block-heading\">1 \u2013 Fonte de informa\u00e7\u00f5es e dados pessoais, que coletamos ou recebemos<\/h2>\n\n\n\n<ul class=\"wp-block-list\">\n<li>Dados pessoais do titular de contato. Incluem qualquer informa\u00e7\u00e3o que voc\u00ea nos fornece e que possa nos permitir contat\u00e1-lo, como seu nome, endere\u00e7o postal, e-mail, com seu consentimento.<\/li>\n\n\n\n<li>Informa\u00e7\u00f5es fornecidas por voc\u00ea com seu consentimento. Coletamos o conte\u00fado e outras informa\u00e7\u00f5es fornecidas por voc\u00ea durante a utiliza\u00e7\u00e3o de nossos servi\u00e7os, incluindo dados sobre si mesmo com base nos nossos interesses leg\u00edtimos.<\/li>\n\n\n\n<li>Informa\u00e7\u00f5es t\u00e9cnicas sobre o computador\/dispositivo m\u00f3vel. Qualquer informa\u00e7\u00e3o sobre o sistema de computador ou outro dispositivo que voc\u00ea utiliza para acessar um de nossos sites, como o endere\u00e7o IP, utilizado para conectar seu computador ou dispositivo \u00e0 internet, o tipo de sistema operacional.<\/li>\n\n\n\n<li>Informa\u00e7\u00f5es de sites ou aplicativos que usam nossos servi\u00e7os. Coletamos informa\u00e7\u00f5es quando voc\u00ea visita ou usa sites e aplicativos que usam ou que s\u00e3o integrados aos nossos servi\u00e7os (por exemplo, quando acessa o facebook a fim de curtir ou acessar outros sistemas. Isso inclui informa\u00e7\u00f5es de contato e uso dos nossos servi\u00e7os nestes sites e aplicativos. Utilizamos como base legal o seu consentimento e o nosso leg\u00edtimo interesse.<\/li>\n\n\n\n<li>Informa\u00e7\u00f5es do dispositivo. Coletamos informa\u00e7\u00f5es de ou sobre os dispositivos que voc\u00ea usa para acessar nossos servi\u00e7os, como navegador, mobile phone, entre outras informa\u00e7\u00f5es que voc\u00ea permite.<\/li>\n\n\n\n<li>Dados Pessoais Sens\u00edveis. N\u00e3o temos a inten\u00e7\u00e3o de coletar ou processar dados pessoais sens\u00edveis no curso normal de nossas atividades.<\/li>\n<\/ul>\n\n\n\n<h2 class=\"wp-block-heading\">2 \u2013 Parceria com terceiros<\/h2>\n\n\n\n<p>Podemos receber ou transmitir informa\u00e7\u00f5es sobre voc\u00ea e de parceiros terceiros, as quais combinamos com as outras informa\u00e7\u00f5es que coletamos sobre voc\u00ea, com a sua autoriza\u00e7\u00e3o.<\/p>\n\n\n\n<h2 class=\"wp-block-heading\">3 \u2013 Como usamos as informa\u00e7\u00f5es<\/h2>\n\n\n\n<p>Usamos todas as informa\u00e7\u00f5es que temos e coletamos, para nos ajudar a fornecer e apoiar nossos servi\u00e7os:<\/p>\n\n\n\n<ul class=\"wp-block-list\">\n<li>Fornecer, melhorar e desenvolver servi\u00e7os. Usamos as informa\u00e7\u00f5es que temos a fim de aprimorar, desenvolver nossos servi\u00e7os para proporcionar novas experi\u00eancias, o que pode incluir formas de servi\u00e7os, Por exemplo, o envio de informativos.<\/li>\n\n\n\n<li>Comunicar com voc\u00ea. Usamos as informa\u00e7\u00f5es que temos, incluindo suas informa\u00e7\u00f5es de contato, para nos comunicarmos com voc\u00ea. Por exemplo, para apresentar nossos servi\u00e7os.<\/li>\n<\/ul>\n\n\n\n<h2 class=\"wp-block-heading\">4 \u2013 Proporcionar seguran\u00e7a<\/h2>\n\n\n\n<p>Acima de tudo, usamos as informa\u00e7\u00f5es que coletamos para promover a seguran\u00e7a em nossos servi\u00e7os e para investigar o uso, incluindo qualquer atividade suspeita ou poss\u00edveis viola\u00e7\u00f5es de nossos termos e pol\u00edticas.<\/p>\n\n\n\n<h2 class=\"wp-block-heading\">5 \u2013 Acesso \/ Exclus\u00e3o<\/h2>\n\n\n\n<p>Para fornecer servi\u00e7os para voc\u00ea e inclusive os descritos acima. Se voc\u00ea tiver uma conta associada ou servi\u00e7os, n\u00f3s como controladores das suas informa\u00e7\u00f5es as manteremos armazenadas at\u00e9 o t\u00e9rmino do contrato, ap\u00f3s isso ser\u00e3o exclu\u00eddas.<\/p>\n\n\n\n<h2 class=\"wp-block-heading\">6 \u2013 Respondendo a solicita\u00e7\u00f5es legais e evitando amea\u00e7as<\/h2>\n\n\n\n<p>N\u00f3s podemos acessar, reter e compartilhar suas informa\u00e7\u00f5es em resposta a uma solicita\u00e7\u00e3o judicial (como um mandado de busca, ordem judicial ou intima\u00e7\u00e3o) se acreditarmos de boa-f\u00e9 que a lei nos obriga a fazer isso.<\/p>\n\n\n\n<h2 class=\"wp-block-heading\">7 \u2013 Transfer\u00eancia de dados internacionais<\/h2>\n\n\n\n<p>Descrever se os dados, coletados por voc\u00ea ou parceiro, s\u00e3o transferidos internacionalmente, citando o pa\u00eds, e os provedores.<\/p>\n\n\n\n<h2 class=\"wp-block-heading\">8 \u2013 Altera\u00e7\u00f5es nesta pol\u00edtica de privacidade<\/h2>\n\n\n\n<p>Enviaremos um e-mail para todos os clientes quando ocorrer altera\u00e7\u00f5es na pol\u00edtica de privacidade, e todo e-mail enviado contar\u00e1 com um campo para reconhecimento e autoriza\u00e7\u00e3o do cliente.<\/p>\n\n\n\n<h2 class=\"wp-block-heading\">Pol\u00edtica de cookies<\/h2>\n\n\n\n<p>Os Cookies e sua privacidade Cookies s\u00e3o arquivos de texto que cont\u00eam pequenas quantidades de informa\u00e7\u00f5es que s\u00e3o baixadas no seu dispositivo quando voc\u00ea visita um site. Estas informa\u00e7\u00f5es podem ser sobre voc\u00ea, as suas prefer\u00eancias ou sobre o seu dispositivo.<br><br>Os cookies podem ter diferentes objetivos, como permitir que voc\u00ea navegue entre as p\u00e1ginas com efici\u00eancia, lembrando suas prefer\u00eancias e, geralmente, melhorando a experi\u00eancia do usu\u00e1rio.<br><br>Os cookies usados no site da empresa s\u00e3o classificados da seguinte forma:<\/p>\n\n\n\n<p>Cookies de publicidade\/parceiros: Estes tipos de cookies s\u00e3o atribu\u00eddos a partir do nosso site pelos nossos parceiros de publicidade. Essas informa\u00e7\u00f5es s\u00e3o utilizadas para fazer segmenta\u00e7\u00e3o de audi\u00eancia e oferecer os perfis selecionados a parceiros comerciais, para que estes ofere\u00e7am produtos, servi\u00e7os e an\u00fancios que sejam mais adequados a seu interesse dentro e fora dos sites e aplicativos da empresa.<br><br>Assim, podem ser utilizados por essas empresas para construir um perfil dos seus interesses e mostrar-lhe an\u00fancios relevantes em outros sites que n\u00e3o est\u00e3o sob nosso controle. Esses cookies funcionam por identifica\u00e7\u00e3o \u00fanica do seu dispositivo. \u00c9 poss\u00edvel desativar os cookies e as outras formas de coleta de informa\u00e7\u00f5es? Se voc\u00ea deseja restringir ou bloquear a capta\u00e7\u00e3o de cookies definidos por este site ou por qualquer outro site, voc\u00ea pode desativar ou excluir os cookies e outras formas\/tecnologias de coleta nas configura\u00e7\u00f5es do seu navegador e nas configura\u00e7\u00f5es do sistema operacional do seu dispositivo. A fun\u00e7\u00e3o \u2018Ajuda\u2019 do seu navegador deve informar como. \u00c9 importante que voc\u00ea esteja ciente que se o acesso for limitado por voc\u00ea ou dependendo da limpeza e configura\u00e7\u00e3o de cookies, os sites ou alguns de seus recursos ou funcionalidades poder\u00e3o n\u00e3o funcionar da maneira mais ben\u00e9fica e voc\u00ea poder\u00e1 n\u00e3o desfrutar de publicidade personalizada em diferentes sites.<\/p>\n\n\n\n<p>Cookies estritamente necess\u00e1rios: Estes tipos de cookies s\u00e3o essenciais para permitir que voc\u00ea navegue pelo site, utilize seus recursos e para que o site funcione normalmente, proporcionando mais seguran\u00e7a em sua navega\u00e7\u00e3o nos sites e aplicativos. Para fins estat\u00edsticos, com o intuito de medir e analisar as audi\u00eancias dos sites ou aplicativos e de melhoria da comunica\u00e7\u00e3o com os usu\u00e1rios, os dados coletados pelos cookies, sempre de forma agregada e an\u00f4nima, podem ser compartilhados com empresas parceiras, dentre elas, o Google. Se voc\u00ea quiser mais informa\u00e7\u00f5es de como o Google utiliza os dados quando os usu\u00e1rios usam sites ou aplicativos, voc\u00ea pode acessar o site <a href=\"https:\/\/www.google.com\/policies\/privacy\/partners\/\">https:\/\/www.google.com\/policies\/privacy\/partners\/<\/a>.<\/p>\n\n\n\n<p>Cookies de desempenho\/performance: Estes tipos de cookies coletam informa\u00e7\u00f5es sobre como os usu\u00e1rios navegam pelo site e nos ajudam a saber quais as p\u00e1ginas mais e menos visitadas, por exemplo. Esses cookies n\u00e3o coletam informa\u00e7\u00f5es que identificam um visitante. As informa\u00e7\u00f5es coletadas por esse tipo de cookies s\u00e3o agregadas e, portanto, an\u00f4nimas. Essas informa\u00e7\u00f5es s\u00e3o utilizadas apenas para melhorar a sua experi\u00eancia e as suas intera\u00e7\u00f5es durante a navega\u00e7\u00e3o no site ou nos aplicativos.<\/p>\n","protected":false},"excerpt":{"rendered":"<p>Data de Entrada em Vigor: 01\/09\/2021 A empresa baseia sua Pol\u00edtica de Privacidade nos valores institucionais de solidez e integridade. Nossa inten\u00e7\u00e3o \u00e9 a de informar e assegurar que sua experi\u00eancia de navega\u00e7\u00e3o e neg\u00f3cios seja pr\u00e1tica, segura e eficiente. Por favor, leia esta Pol\u00edtica de Privacidade (\u201cPol\u00edtica\u201d) cuidadosamente para entender nossas pol\u00edticas e pr\u00e1ticas [&hellip;]<\/p>\n","protected":false},"author":1,"featured_media":0,"parent":0,"menu_order":0,"comment_status":"closed","ping_status":"closed","template":"","meta":{"footnotes":""},"class_list":["post-400","page","type-page","status-publish","hentry"],"yoast_head":"<!-- This site is optimized with the Yoast SEO plugin v27.0 - https:\/\/yoast.com\/product\/yoast-seo-wordpress\/ -->\n<title>Pol\u00edtica de privacidade - Kwan<\/title>\n<meta name=\"robots\" content=\"index, follow, max-snippet:-1, max-image-preview:large, max-video-preview:-1\" \/>\n<link rel=\"canonical\" href=\"https:\/\/sites.meusitecontabil.com.br\/exclusivo\/kwan\/politica-de-privacidade\/\" \/>\n<meta property=\"og:locale\" content=\"pt_BR\" \/>\n<meta property=\"og:type\" content=\"article\" \/>\n<meta property=\"og:title\" content=\"Pol\u00edtica de privacidade - Kwan\" \/>\n<meta property=\"og:description\" content=\"Data de Entrada em Vigor: 01\/09\/2021 A empresa baseia sua Pol\u00edtica de Privacidade nos valores institucionais de solidez e integridade. Nossa inten\u00e7\u00e3o \u00e9 a de informar e assegurar que sua experi\u00eancia de navega\u00e7\u00e3o e neg\u00f3cios seja pr\u00e1tica, segura e eficiente. Por favor, leia esta Pol\u00edtica de Privacidade (\u201cPol\u00edtica\u201d) cuidadosamente para entender nossas pol\u00edticas e pr\u00e1ticas [&hellip;]\" \/>\n<meta property=\"og:url\" content=\"https:\/\/sites.meusitecontabil.com.br\/exclusivo\/kwan\/politica-de-privacidade\/\" \/>\n<meta property=\"og:site_name\" content=\"Kwan\" \/>\n<meta property=\"article:modified_time\" content=\"2026-02-17T13:37:03+00:00\" \/>\n<meta name=\"twitter:card\" content=\"summary_large_image\" \/>\n<meta name=\"twitter:label1\" content=\"Est. tempo de leitura\" \/>\n\t<meta name=\"twitter:data1\" content=\"6 minutos\" \/>\n<script type=\"application\/ld+json\" class=\"yoast-schema-graph\">{\"@context\":\"https:\/\/schema.org\",\"@graph\":[{\"@type\":\"WebPage\",\"@id\":\"https:\/\/sites.meusitecontabil.com.br\/exclusivo\/kwan\/politica-de-privacidade\/\",\"url\":\"https:\/\/sites.meusitecontabil.com.br\/exclusivo\/kwan\/politica-de-privacidade\/\",\"name\":\"Pol\u00edtica de privacidade - Kwan\",\"isPartOf\":{\"@id\":\"https:\/\/sites.meusitecontabil.com.br\/exclusivo\/kwan\/#website\"},\"datePublished\":\"2026-02-17T13:37:00+00:00\",\"dateModified\":\"2026-02-17T13:37:03+00:00\",\"breadcrumb\":{\"@id\":\"https:\/\/sites.meusitecontabil.com.br\/exclusivo\/kwan\/politica-de-privacidade\/#breadcrumb\"},\"inLanguage\":\"pt-BR\",\"potentialAction\":[{\"@type\":\"ReadAction\",\"target\":[\"https:\/\/sites.meusitecontabil.com.br\/exclusivo\/kwan\/politica-de-privacidade\/\"]}]},{\"@type\":\"BreadcrumbList\",\"@id\":\"https:\/\/sites.meusitecontabil.com.br\/exclusivo\/kwan\/politica-de-privacidade\/#breadcrumb\",\"itemListElement\":[{\"@type\":\"ListItem\",\"position\":1,\"name\":\"In\u00edcio\",\"item\":\"https:\/\/sites.meusitecontabil.com.br\/exclusivo\/kwan\/\"},{\"@type\":\"ListItem\",\"position\":2,\"name\":\"Pol\u00edtica de privacidade\"}]},{\"@type\":\"WebSite\",\"@id\":\"https:\/\/sites.meusitecontabil.com.br\/exclusivo\/kwan\/#website\",\"url\":\"https:\/\/sites.meusitecontabil.com.br\/exclusivo\/kwan\/\",\"name\":\"Kwan\",\"description\":\"\",\"potentialAction\":[{\"@type\":\"SearchAction\",\"target\":{\"@type\":\"EntryPoint\",\"urlTemplate\":\"https:\/\/sites.meusitecontabil.com.br\/exclusivo\/kwan\/?s={search_term_string}\"},\"query-input\":{\"@type\":\"PropertyValueSpecification\",\"valueRequired\":true,\"valueName\":\"search_term_string\"}}],\"inLanguage\":\"pt-BR\"}]}<\/script>\n<!-- \/ Yoast SEO plugin. -->","yoast_head_json":{"title":"Pol\u00edtica de privacidade - Kwan","robots":{"index":"index","follow":"follow","max-snippet":"max-snippet:-1","max-image-preview":"max-image-preview:large","max-video-preview":"max-video-preview:-1"},"canonical":"https:\/\/sites.meusitecontabil.com.br\/exclusivo\/kwan\/politica-de-privacidade\/","og_locale":"pt_BR","og_type":"article","og_title":"Pol\u00edtica de privacidade - Kwan","og_description":"Data de Entrada em Vigor: 01\/09\/2021 A empresa baseia sua Pol\u00edtica de Privacidade nos valores institucionais de solidez e integridade. Nossa inten\u00e7\u00e3o \u00e9 a de informar e assegurar que sua experi\u00eancia de navega\u00e7\u00e3o e neg\u00f3cios seja pr\u00e1tica, segura e eficiente. Por favor, leia esta Pol\u00edtica de Privacidade (\u201cPol\u00edtica\u201d) cuidadosamente para entender nossas pol\u00edticas e pr\u00e1ticas [&hellip;]","og_url":"https:\/\/sites.meusitecontabil.com.br\/exclusivo\/kwan\/politica-de-privacidade\/","og_site_name":"Kwan","article_modified_time":"2026-02-17T13:37:03+00:00","twitter_card":"summary_large_image","twitter_misc":{"Est. tempo de leitura":"6 minutos"},"schema":{"@context":"https:\/\/schema.org","@graph":[{"@type":"WebPage","@id":"https:\/\/sites.meusitecontabil.com.br\/exclusivo\/kwan\/politica-de-privacidade\/","url":"https:\/\/sites.meusitecontabil.com.br\/exclusivo\/kwan\/politica-de-privacidade\/","name":"Pol\u00edtica de privacidade - Kwan","isPartOf":{"@id":"https:\/\/sites.meusitecontabil.com.br\/exclusivo\/kwan\/#website"},"datePublished":"2026-02-17T13:37:00+00:00","dateModified":"2026-02-17T13:37:03+00:00","breadcrumb":{"@id":"https:\/\/sites.meusitecontabil.com.br\/exclusivo\/kwan\/politica-de-privacidade\/#breadcrumb"},"inLanguage":"pt-BR","potentialAction":[{"@type":"ReadAction","target":["https:\/\/sites.meusitecontabil.com.br\/exclusivo\/kwan\/politica-de-privacidade\/"]}]},{"@type":"BreadcrumbList","@id":"https:\/\/sites.meusitecontabil.com.br\/exclusivo\/kwan\/politica-de-privacidade\/#breadcrumb","itemListElement":[{"@type":"ListItem","position":1,"name":"In\u00edcio","item":"https:\/\/sites.meusitecontabil.com.br\/exclusivo\/kwan\/"},{"@type":"ListItem","position":2,"name":"Pol\u00edtica de privacidade"}]},{"@type":"WebSite","@id":"https:\/\/sites.meusitecontabil.com.br\/exclusivo\/kwan\/#website","url":"https:\/\/sites.meusitecontabil.com.br\/exclusivo\/kwan\/","name":"Kwan","description":"","potentialAction":[{"@type":"SearchAction","target":{"@type":"EntryPoint","urlTemplate":"https:\/\/sites.meusitecontabil.com.br\/exclusivo\/kwan\/?s={search_term_string}"},"query-input":{"@type":"PropertyValueSpecification","valueRequired":true,"valueName":"search_term_string"}}],"inLanguage":"pt-BR"}]}},"_links":{"self":[{"href":"https:\/\/sites.meusitecontabil.com.br\/exclusivo\/kwan\/wp-json\/wp\/v2\/pages\/400","targetHints":{"allow":["GET"]}}],"collection":[{"href":"https:\/\/sites.meusitecontabil.com.br\/exclusivo\/kwan\/wp-json\/wp\/v2\/pages"}],"about":[{"href":"https:\/\/sites.meusitecontabil.com.br\/exclusivo\/kwan\/wp-json\/wp\/v2\/types\/page"}],"author":[{"embeddable":true,"href":"https:\/\/sites.meusitecontabil.com.br\/exclusivo\/kwan\/wp-json\/wp\/v2\/users\/1"}],"replies":[{"embeddable":true,"href":"https:\/\/sites.meusitecontabil.com.br\/exclusivo\/kwan\/wp-json\/wp\/v2\/comments?post=400"}],"version-history":[{"count":2,"href":"https:\/\/sites.meusitecontabil.com.br\/exclusivo\/kwan\/wp-json\/wp\/v2\/pages\/400\/revisions"}],"predecessor-version":[{"id":402,"href":"https:\/\/sites.meusitecontabil.com.br\/exclusivo\/kwan\/wp-json\/wp\/v2\/pages\/400\/revisions\/402"}],"wp:attachment":[{"href":"https:\/\/sites.meusitecontabil.com.br\/exclusivo\/kwan\/wp-json\/wp\/v2\/media?parent=400"}],"curies":[{"name":"wp","href":"https:\/\/api.w.org\/{rel}","templated":true}]}}